{"id":5487,"date":"2022-02-27T11:06:59","date_gmt":"2022-02-27T16:06:59","guid":{"rendered":"https:\/\/www.lunetterieabella.com\/contact-us\/"},"modified":"2025-10-05T01:04:33","modified_gmt":"2025-10-05T05:04:33","slug":"contact","status":"publish","type":"page","link":"https:\/\/www.lunetterieabella.com\/en\/contact\/","title":{"rendered":"Contact"},"content":{"rendered":"<div class=\"wpb-content-wrapper\"><p>[vc_row ts_bgcolor=&#8221;grey&#8221; full_width=&#8221;stretch_row&#8221;]<br \/>\n[vc_column]<br \/>\n<div class=\"ts-element-heading-wrapper ts-heading-inner ts-element-align-center ts-seperator-none \"><section class=\"ts-vc_cta3-container\"><div class=\"ts-vc_general ts-vc_cta3 ts-cta3-only ts-vc_cta3-style-classic ts-vc_cta3-shape-rounded ts-vc_cta3-align-center ts-vc_cta3-color-transparent ts-vc_cta3-icon-size-md ts-vc_cta3-actions-no ts-cta3-with-desc\"><div class=\"ts-vc_cta3_content-container\"><div class=\"ts-vc_cta3-content\"><div class=\"ts-vc_cta3-content-header ts-wrap\"><div class=\"ts-vc_cta3-headers ts-wrap-cell\"><h4 class=\"ts-custom-heading \" >CONTACTEZ-NOUS<\/h4>\n<h2 class=\"ts-custom-heading \" >NOUS SOMMES OUVERTS \u00c0 TOUTES <strong>SUGGESTIONS DE NOS CLIENTS.<\/strong><\/h2>\n<\/div><\/div><div class=\"ts-cta3-content-wrapper\"><p>C&#8217;est le moment d&#8217;arr\u00eater de vous tracasser la t\u00eate \u00e0 cause de la sant\u00e9 de vos yeux, faites confiance \u00e0 notre \u00e9quipe, compl\u00e9tez le formulaire ci-joint ou appelez-nous par t\u00e9l\u00e9phone, il nous fera plaisir de vous r\u00e9pondre.<\/p><\/div><\/div><\/div><\/div><\/section><\/div> <!-- .ts-element-heading-wrapper container --> <br \/>\n[vc_row_inner]<br \/>\n[vc_column_inner width=&#8221;1\/3&#8243;]<div class=\"ts-servicebox ts-servicebox-style-4 ts-sbox-style-4 ts-sbox-itype-icon\">\r\n\r\n\t<div class=\"ts-sbox-icon\">\r\n\t\t<div class=\"ts-sbox-icon-wrapper\"><i class=\"themifyicon ti-headphone-alt\"><\/i><\/div>\t<\/div>\r\n\r\n\t<div class=\"ts-sbox-contents\">\r\n\t\t<div class=\"ts-vc_general ts-vc_cta3 ts-cta3-only ts-vc_cta3-style-classic ts-vc_cta3-shape-rounded ts-vc_cta3-align-left ts-vc_cta3-color-transparent ts-vc_cta3-icon-size-md ts-vc_cta3-actions-no ts-cta3-with-desc\"><div class=\"ts-vc_cta3_content-container\"><div class=\"ts-vc_cta3-content\"><div class=\"ts-vc_cta3-content-header ts-wrap\"><div class=\"ts-vc_cta3-headers ts-wrap-cell\"><h2 class=\"ts-custom-heading \">T\u00e9l\u00e9phone<\/h2>\n<\/div><\/div><div class=\"ts-cta3-content-wrapper\"><p>(514) 387-7177<\/p><\/div><\/div><\/div><\/div>\t<\/div><!-- .ts-sbox-contents -->\r\n\r\n<\/div>\r\n\r\n[\/vc_column_inner]<br \/>\n[vc_column_inner width=&#8221;1\/3&#8243;]<div class=\"ts-servicebox ts-servicebox-style-4 ts-sbox-style-4 ts-sbox-itype-icon\">\r\n\r\n\t<div class=\"ts-sbox-icon\">\r\n\t\t<div class=\"ts-sbox-icon-wrapper\"><i class=\"themifyicon ti-location-pin\"><\/i><\/div>\t<\/div>\r\n\r\n\t<div class=\"ts-sbox-contents\">\r\n\t\t<div class=\"ts-vc_general ts-vc_cta3 ts-cta3-only ts-vc_cta3-style-classic ts-vc_cta3-shape-rounded ts-vc_cta3-align-left ts-vc_cta3-color-transparent ts-vc_cta3-icon-size-md ts-vc_cta3-actions-no ts-cta3-with-desc\"><div class=\"ts-vc_cta3_content-container\"><div class=\"ts-vc_cta3-content\"><div class=\"ts-vc_cta3-content-header ts-wrap\"><div class=\"ts-vc_cta3-headers ts-wrap-cell\"><h2 class=\"ts-custom-heading \">Addresse<\/h2>\n<\/div><\/div><div class=\"ts-cta3-content-wrapper\"><p>8897, rue Lajeunesse<br \/>\nMontr\u00e9al, QC, H2M 1R6<\/p><\/div><\/div><\/div><\/div>\t<\/div><!-- .ts-sbox-contents -->\r\n\r\n<\/div>\r\n\r\n[\/vc_column_inner]<br \/>\n[vc_column_inner width=&#8221;1\/3&#8243;]<div class=\"ts-servicebox ts-servicebox-style-4 ts-sbox-style-4 ts-sbox-itype-icon\">\r\n\r\n\t<div class=\"ts-sbox-icon\">\r\n\t\t<div class=\"ts-sbox-icon-wrapper\"><i class=\"themifyicon ti-email\"><\/i><\/div>\t<\/div>\r\n\r\n\t<div class=\"ts-sbox-contents\">\r\n\t\t<div class=\"ts-vc_general ts-vc_cta3 ts-cta3-only ts-vc_cta3-style-classic ts-vc_cta3-shape-rounded ts-vc_cta3-align-left ts-vc_cta3-color-transparent ts-vc_cta3-icon-size-md ts-vc_cta3-actions-no ts-cta3-with-desc\"><div class=\"ts-vc_cta3_content-container\"><div class=\"ts-vc_cta3-content\"><div class=\"ts-vc_cta3-content-header ts-wrap\"><div class=\"ts-vc_cta3-headers ts-wrap-cell\"><h2 class=\"ts-custom-heading \">Courriel<\/h2>\n<\/div><\/div><div class=\"ts-cta3-content-wrapper\"><p>contact@lunetterieabella.com<\/p><\/div><\/div><\/div><\/div>\t<\/div><!-- .ts-sbox-contents -->\r\n\r\n<\/div>\r\n\r\n[\/vc_column_inner]<br \/>\n[\/vc_row_inner]<br \/>\n[\/vc_column]<br \/>\n[\/vc_row]<br \/>\n[vc_row ts_bgcolor=&#8221;grey&#8221; full_width=&#8221;stretch_row&#8221; css=&#8221;.vc_custom_1524557923875{padding-top: 0px !important;padding-bottom: 0px !important;}&#8221;]<br \/>\n[vc_column]<br \/>\n[vc_row_inner ts_bgcolor=&#8221;white&#8221; equal_height=&#8221;yes&#8221; el_class=&#8221;ts-overlap-row box-shadow-1 ts-mb-20&#8243;]<br \/>\n[vc_column_inner width=&#8221;1\/3&#8243; css=&#8221;.vc_custom_1524557880547{background-image: url(http:\/\/optico.themestek.com\/wp-content\/uploads\/2018\/03\/img-03.jpg?id=3760) !important;background-position: center !important;background-repeat: no-repeat !important;background-size: cover !important;}&#8221;]<br \/>\n[\/vc_column_inner]<br \/>\n[vc_column_inner width=&#8221;2\/3&#8243; css=&#8221;.vc_custom_1526121025913{padding-top: 60px !important;padding-right: 60px !important;padding-bottom: 60px !important;padding-left: 60px !important;}&#8221;]<br \/>\n<h4 style=\"text-align:left;font-family:'Montserrat Alternates',Arial,Helvetica;font-weight:400;\" class=\"ts-custom-heading ts-skincolor-strong \" >Veuillez appeler le <strong>(514) 387-7177<\/strong> pour un rendez-vous.<\/h4>\n<br \/>\n[vc_column_text]<span class=\"VIiyi\" lang=\"fr\"><span class=\"JLqJ4b ChMk0b\" data-language-for-alternatives=\"fr\" data-language-to-translate-into=\"en\" data-phrase-index=\"0\" data-number-of-phrases=\"1\">Notre \u00e9quipe veillera \u00e0 ce que vous receviez les meilleurs services possibles<\/span><\/span>[\/vc_column_text]<br \/>\n\n<div class=\"wpcf7 no-js\" id=\"wpcf7-f5571-o1\" lang=\"en-US\" dir=\"ltr\" data-wpcf7-id=\"5571\">\n<div class=\"screen-reader-response\"><p role=\"status\" aria-live=\"polite\" aria-atomic=\"true\"><\/p> <ul><\/ul><\/div>\n<form action=\"\/en\/wp-json\/wp\/v2\/pages\/5487#wpcf7-f5571-o1\" method=\"post\" class=\"wpcf7-form init\" aria-label=\"Contact form\" novalidate=\"novalidate\" data-status=\"init\">\n<fieldset class=\"hidden-fields-container\"><input type=\"hidden\" name=\"_wpcf7\" value=\"5571\" \/><input type=\"hidden\" name=\"_wpcf7_version\" value=\"6.1.5\" \/><input type=\"hidden\" name=\"_wpcf7_locale\" value=\"en_US\" \/><input type=\"hidden\" name=\"_wpcf7_unit_tag\" value=\"wpcf7-f5571-o1\" \/><input type=\"hidden\" name=\"_wpcf7_container_post\" value=\"0\" \/><input type=\"hidden\" name=\"_wpcf7_posted_data_hash\" value=\"\" \/>\n<\/fieldset>\n<div class=\"main-form\">\n\t<div class=\"row\">\n\t\t<div class=\"col-sm-6\">\n\t\t\t<div class=\"input-group\">\n\t\t\t\t<p><span class=\"wpcf7-form-control-wrap\" data-name=\"user-name\"><input size=\"40\" maxlength=\"400\" class=\"wpcf7-form-control wpcf7-text\" aria-invalid=\"false\" placeholder=\"Name Surname\" value=\"\" type=\"text\" name=\"user-name\" \/><\/span>\n\t\t\t\t<\/p>\n\t\t\t<\/div>\n\t\t<\/div>\n\t\t<div class=\"col-sm-6\">\n\t\t\t<div class=\"input-group\">\n\t\t\t\t<p><span class=\"wpcf7-form-control-wrap\" data-name=\"user-email\"><input size=\"40\" maxlength=\"400\" class=\"wpcf7-form-control wpcf7-email wpcf7-validates-as-required wpcf7-text wpcf7-validates-as-email\" aria-required=\"true\" aria-invalid=\"false\" placeholder=\"Email\" value=\"\" type=\"email\" name=\"user-email\" \/><\/span>\n\t\t\t\t<\/p>\n\t\t\t<\/div>\n\t\t<\/div>\n\t\t<div class=\"col-sm-6\">\n\t\t\t<div class=\"input-group\">\n\t\t\t\t<p><span class=\"wpcf7-form-control-wrap\" data-name=\"user-phone\"><input size=\"40\" maxlength=\"400\" class=\"wpcf7-form-control wpcf7-text\" aria-invalid=\"false\" placeholder=\"Phone\" value=\"\" type=\"text\" name=\"user-phone\" \/><\/span>\n\t\t\t\t<\/p>\n\t\t\t<\/div>\n\t\t<\/div>\n\t\t<div class=\"col-sm-6\">\n\t\t\t<div class=\"input-group\">\n\t\t\t\t<p><span class=\"wpcf7-form-control-wrap\" data-name=\"user-department\"><select class=\"wpcf7-form-control wpcf7-select form-control\" aria-invalid=\"false\" name=\"user-department\"><option value=\"Select Department\">Select Department<\/option><option value=\"Laser Eye Surgery\">Laser Eye Surgery<\/option><option value=\"Cataract Surgery\">Cataract Surgery<\/option><option value=\"Glaucoma Surgery\">Glaucoma Surgery<\/option><\/select><\/span>\n\t\t\t\t<\/p>\n\t\t\t<\/div>\n\t\t<\/div>\n\t\t<div class=\"col-sm-6\">\n\t\t\t<div class=\"input-group\">\n\t\t\t\t<p><span class=\"wpcf7-form-control-wrap\" data-name=\"appointment-date\"><input size=\"40\" maxlength=\"400\" class=\"wpcf7-form-control wpcf7-text\" aria-invalid=\"false\" placeholder=\"Appointment Date\" value=\"\" type=\"text\" name=\"appointment-date\" \/><\/span>\n\t\t\t\t<\/p>\n\t\t\t<\/div>\n\t\t<\/div>\n\t\t<div class=\"col-sm-6\">\n\t\t\t<div class=\"input-group\">\n\t\t\t\t<p><span class=\"wpcf7-form-control-wrap\" data-name=\"appointment-time\"><input size=\"40\" maxlength=\"400\" class=\"wpcf7-form-control wpcf7-text\" aria-invalid=\"false\" placeholder=\"Appointment Time\" value=\"\" type=\"text\" name=\"appointment-time\" \/><\/span>\n\t\t\t\t<\/p>\n\t\t\t<\/div>\n\t\t<\/div>\n\t\t<div class=\"col-sm-12\">\n\t\t\t<div class=\"input-group input-button\">\n\t\t\t\t<p><input class=\"wpcf7-form-control wpcf7-submit has-spinner\" type=\"submit\" value=\"Make Appointment\" \/>\n\t\t\t\t<\/p>\n\t\t\t<\/div>\n\t\t<\/div>\n\t<\/div>\n<\/div><div class=\"wpcf7-response-output\" aria-hidden=\"true\"><\/div>\n<\/form>\n<\/div>\n<br \/>\n[\/vc_column_inner]<br \/>\n[\/vc_row_inner]<br \/>\n[\/vc_column]<br \/>\n[\/vc_row]<br \/>\n[vc_row full_width=&#8221;stretch_row_content_no_spaces&#8221; css=&#8221;.vc_custom_1524558327655{padding-top: 0px !important;padding-bottom: 0px !important;}&#8221;]<br \/>\n[vc_column]<br \/>\n[vc_column_text css=&#8221;.vc_custom_1528197519059{margin-bottom: 0px !important;}&#8221;]<div id=\"wpgmza_map\" class=\"wpgmza_map\" data-settings='{\"id\":\"1\",\"map_title\":\"Lunetterie Abella\",\"map_width\":\"100\",\"map_height\":\"500\",\"map_start_lat\":\"45.54759187371556\",\"map_start_lng\":\"-73.6411639454553\",\"map_start_location\":\"45.950464398418106,-109.81550500000003\",\"map_start_zoom\":\"19\",\"default_marker\":\"\",\"type\":\"0\",\"alignment\":\"4\",\"directions_enabled\":\"0\",\"styling_enabled\":\"0\",\"styling_json\":\"\",\"active\":\"0\",\"kml\":\"\",\"bicycle\":\"0\",\"traffic\":\"0\",\"dbox\":\"0\",\"dbox_width\":\"\",\"listmarkers\":\"0\",\"listmarkers_advanced\":\"0\",\"filterbycat\":\"0\",\"ugm_enabled\":\"0\",\"ugm_category_enabled\":\"0\",\"fusion\":\"\",\"map_width_type\":\"%\",\"map_height_type\":\"px\",\"mass_marker_support\":\"0\",\"ugm_access\":\"0\",\"order_markers_by\":\"0\",\"order_markers_choice\":\"0\",\"show_user_location\":\"0\",\"default_to\":\"\",\"other_settings\":{\"map_type\":1,\"sl_stroke_color\":\"\",\"sl_fill_color\":\"\",\"sl_stroke_opacity\":\"\",\"sl_fill_opacity\":\"\",\"transport_layer\":false,\"action\":\"wpgmza_save_map\",\"redirect_to\":\"\\\/wp-admin\\\/admin-post.php\",\"map_id\":\"1\",\"http_referer\":\"\\\/wp-admin\\\/admin.php?page=wp-google-maps-menu&amp;amp;override=1&amp;amp;action=edit&amp;amp;map_id=1\",\"wpgmza_id\":\"1\",\"wpgmza_start_location\":\"45.54759187371556,-73.6411639454553\",\"wpgmza_start_zoom\":\"19\",\"store_locator_enabled\":false,\"store_locator_search_area\":\"radial\",\"wpgmza_store_locator_radius_style\":\"legacy\",\"wpgmza_store_locator_default_radius\":\"10\",\"store_locator_auto_area_max_zoom\":\"\",\"store_locator_distance\":false,\"wpgmza_store_locator_position\":false,\"store_locator_show_distance\":false,\"store_locator_category\":false,\"wpgmza_store_locator_use_their_location\":false,\"wpgmza_store_locator_bounce\":false,\"wpgmza_sl_animation\":null,\"wpgmza_store_locator_hide_before_search\":false,\"store_locator_query_string\":\"\",\"store_locator_default_address\":\"\",\"store_locator_name_search\":false,\"store_locator_name_string\":\"\",\"store_locator_not_found_message\":\"\",\"wpgmza_map_align\":\"1\",\"jump_to_nearest_marker_on_initialization\":false,\"automatically_pan_to_users_location\":false,\"override_users_location_zoom_level\":false,\"override_users_location_zoom_levels\":\"\",\"show_distance_from_location\":false,\"map_max_zoom\":\"21\",\"map_min_zoom\":\"0\",\"click_open_link\":false,\"fit_maps_bounds_to_markers\":false,\"fit_maps_bounds_to_markers_after_filtering\":false,\"hide_point_of_interest\":false,\"wpgmza_zoom_on_marker_click\":false,\"wpgmza_zoom_on_marker_click_slider\":\"\",\"close_infowindow_on_map_click\":false,\"disable_lightbox_images\":false,\"use_Raw_Jpeg_Coordinates\":false,\"disable_polygon_info_windows\":false,\"enable_marker_ratings\":false,\"only_load_markers_within_viewport\":false,\"iw_primary_color\":\"#000000\",\"iw_accent_color\":\"#000000\",\"iw_text_color\":\"#000000\",\"wpgmza_listmarkers_by\":\"0\",\"wpgmza_marker_listing_position\":false,\"zoom_level_on_marker_listing_override\":false,\"zoom_level_on_marker_listing_click\":\"\",\"datatable_no_result_message\":\"\",\"remove_search_box_datables\":false,\"dataTable_pagination_style\":null,\"datatable_search_string\":\"\",\"datatable_result_start\":\"\",\"datatable_result_of\":\"\",\"datatable_result_to\":\"\",\"datatable_result_total\":\"\",\"datatable_result_show\":\"\",\"datatable_result_entries\":\"\",\"wpgmza_savemap\":\"Save Map \\u00bb\"}}' data-map-id='1' Data-maps-engine='open-layers' data-shortcode-attributes='{\"id\":\"1\"}' style=\"display:block; overflow:auto; width:100%; height:500px; float:left;\"><\/div>[\/vc_column_text]<br \/>\n[\/vc_column]<br \/>\n[\/vc_row]<\/p>\n<\/div>","protected":false},"excerpt":{"rendered":"<p>[vc_row ts_bgcolor=&#8221;grey&#8221; full_width=&#8221;stretch_row&#8221;] [vc_column] [vc_row_inner] [vc_column_inner width=&#8221;1\/3&#8243;][\/vc_column_inner] [vc_column_inner width=&#8221;1\/3&#8243;][\/vc_column_inner] [vc_column_inner width=&#8221;1\/3&#8243;][\/vc_column_inner] [\/vc_row_inner] [\/vc_column] [\/vc_row] [vc_row ts_bgcolor=&#8221;grey&#8221; full_width=&#8221;stretch_row&#8221; css=&#8221;.vc_custom_1524557923875{padding-top: 0px !important;padding-bottom: 0px !important;}&#8221;] [vc_column] [vc_row_inner ts_bgcolor=&#8221;white&#8221; equal_height=&#8221;yes&#8221; el_class=&#8221;ts-overlap-row box-shadow-1 ts-mb-20&#8243;] [vc_column_inner width=&#8221;1\/3&#8243; css=&#8221;.vc_custom_1524557880547{background-image: url(http:\/\/optico.themestek.com\/wp-content\/uploads\/2018\/03\/img-03.jpg?id=3760) !important;background-position: center !important;background-repeat: no-repeat !important;background-size: cover !important;}&#8221;] [\/vc_column_inner] [vc_column_inner width=&#8221;2\/3&#8243; css=&#8221;.vc_custom_1526121025913{padding-top: 60px !important;padding-right: 60px !important;padding-bottom: 60px !important;padding-left: 60px !important;}&#8221;] [vc_column_text]Notre \u00e9quipe veillera &hellip; <a href=\"https:\/\/www.lunetterieabella.com\/en\/contact\/\" class=\"more-link\">Continue reading <span class=\"screen-reader-text\">Contact<\/span><\/a><\/p>\n","protected":false},"author":1,"featured_media":0,"parent":0,"menu_order":17,"comment_status":"closed","ping_status":"closed","template":"","meta":{"footnotes":""},"class_list":["post-5487","page","type-page","status-publish","hentry"],"_links":{"self":[{"href":"https:\/\/www.lunetterieabella.com\/en\/wp-json\/wp\/v2\/pages\/5487","targetHints":{"allow":["GET"]}}],"collection":[{"href":"https:\/\/www.lunetterieabella.com\/en\/wp-json\/wp\/v2\/pages"}],"about":[{"href":"https:\/\/www.lunetterieabella.com\/en\/wp-json\/wp\/v2\/types\/page"}],"author":[{"embeddable":true,"href":"https:\/\/www.lunetterieabella.com\/en\/wp-json\/wp\/v2\/users\/1"}],"replies":[{"embeddable":true,"href":"https:\/\/www.lunetterieabella.com\/en\/wp-json\/wp\/v2\/comments?post=5487"}],"version-history":[{"count":20,"href":"https:\/\/www.lunetterieabella.com\/en\/wp-json\/wp\/v2\/pages\/5487\/revisions"}],"predecessor-version":[{"id":6013,"href":"https:\/\/www.lunetterieabella.com\/en\/wp-json\/wp\/v2\/pages\/5487\/revisions\/6013"}],"wp:attachment":[{"href":"https:\/\/www.lunetterieabella.com\/en\/wp-json\/wp\/v2\/media?parent=5487"}],"curies":[{"name":"wp","href":"https:\/\/api.w.org\/{rel}","templated":true}]}}